{"id":303,"date":"2016-02-22T23:00:07","date_gmt":"2016-02-22T22:00:07","guid":{"rendered":"http:\/\/danielfrymark.com\/__Anowe\/?page_id=303"},"modified":"2019-11-28T10:38:35","modified_gmt":"2019-11-28T09:38:35","slug":"published","status":"publish","type":"page","link":"https:\/\/danielfrymark.com\/index.php\/published\/","title":{"rendered":"Published"},"content":{"rendered":"<p><a href=\"http:\/\/danielfrymark.com\/wp-content\/uploads\/2016\/02\/ng2019.jpg\"><img decoding=\"async\" loading=\"lazy\" class=\"aligncenter size-large wp-image-951\" src=\"http:\/\/danielfrymark.com\/wp-content\/uploads\/2016\/02\/ng2019-760x1024.jpg\" alt=\"\" width=\"760\" height=\"1024\" srcset=\"https:\/\/danielfrymark.com\/wp-content\/uploads\/2016\/02\/ng2019-760x1024.jpg 760w, https:\/\/danielfrymark.com\/wp-content\/uploads\/2016\/02\/ng2019-223x300.jpg 223w, https:\/\/danielfrymark.com\/wp-content\/uploads\/2016\/02\/ng2019-768x1035.jpg 768w, https:\/\/danielfrymark.com\/wp-content\/uploads\/2016\/02\/ng2019.jpg 1479w\" sizes=\"(max-width: 760px) 100vw, 760px\" \/><\/a><\/p>\n<p><a href=\"http:\/\/danielfrymark.com\/wp-content\/uploads\/2016\/02\/osp_ng.jpg\"><img decoding=\"async\" loading=\"lazy\" class=\"aligncenter size-large wp-image-839\" src=\"http:\/\/danielfrymark.com\/wp-content\/uploads\/2016\/02\/osp_ng-785x510.jpg\" alt=\"\" width=\"785\" height=\"510\" srcset=\"https:\/\/danielfrymark.com\/wp-content\/uploads\/2016\/02\/osp_ng-785x510.jpg 785w, https:\/\/danielfrymark.com\/wp-content\/uploads\/2016\/02\/osp_ng-300x195.jpg 300w, https:\/\/danielfrymark.com\/wp-content\/uploads\/2016\/02\/osp_ng-768x499.jpg 768w, https:\/\/danielfrymark.com\/wp-content\/uploads\/2016\/02\/osp_ng.jpg 1980w\" sizes=\"(max-width: 785px) 100vw, 785px\" \/><\/a><\/p>\n<p><a href=\"http:\/\/danielfrymark.com\/wp-content\/uploads\/2016\/02\/frymark_grand_prix_national_grographic.jpg\"><img decoding=\"async\" loading=\"lazy\" class=\"aligncenter size-large wp-image-703\" src=\"http:\/\/danielfrymark.com\/wp-content\/uploads\/2016\/02\/frymark_grand_prix_national_grographic-785x425.jpg\" alt=\"\" width=\"785\" height=\"425\" srcset=\"https:\/\/danielfrymark.com\/wp-content\/uploads\/2016\/02\/frymark_grand_prix_national_grographic-785x425.jpg 785w, https:\/\/danielfrymark.com\/wp-content\/uploads\/2016\/02\/frymark_grand_prix_national_grographic-300x163.jpg 300w, https:\/\/danielfrymark.com\/wp-content\/uploads\/2016\/02\/frymark_grand_prix_national_grographic-768x416.jpg 768w, https:\/\/danielfrymark.com\/wp-content\/uploads\/2016\/02\/frymark_grand_prix_national_grographic.jpg 1890w\" sizes=\"(max-width: 785px) 100vw, 785px\" \/><\/a><\/p>\n<p>&nbsp;<\/p>\n<p style=\"text-align: center;\"><a href=\"http:\/\/danielfrymark.com\/wp-content\/uploads\/2016\/02\/FRDA8778.jpg\" rel=\"attachment wp-att-479\"><img decoding=\"async\" loading=\"lazy\" class=\"aligncenter size-large wp-image-479\" src=\"http:\/\/danielfrymark.com\/wp-content\/uploads\/2016\/02\/FRDA8778-785x523.jpg\" alt=\"frda8778\" width=\"785\" height=\"523\" srcset=\"https:\/\/danielfrymark.com\/wp-content\/uploads\/2016\/02\/FRDA8778-785x523.jpg 785w, https:\/\/danielfrymark.com\/wp-content\/uploads\/2016\/02\/FRDA8778-300x200.jpg 300w, https:\/\/danielfrymark.com\/wp-content\/uploads\/2016\/02\/FRDA8778-768x512.jpg 768w, https:\/\/danielfrymark.com\/wp-content\/uploads\/2016\/02\/FRDA8778.jpg 990w\" sizes=\"(max-width: 785px) 100vw, 785px\" \/><\/a><a href=\"http:\/\/wyborcza.pl\/duzyformat\/1,127290,20791958,paraolimpijczyk-stoltman-motywuje-fotoreportaz.html\" target=\"_blank\" rel=\"noopener\">wyborcza.pl<\/a><\/p>\n<p style=\"text-align: center;\"><a href=\"http:\/\/danielfrymark.com\/wp-content\/uploads\/2016\/02\/byslawekNG.jpg\" rel=\"attachment wp-att-478\"><img decoding=\"async\" loading=\"lazy\" class=\"aligncenter size-large wp-image-478\" src=\"http:\/\/danielfrymark.com\/wp-content\/uploads\/2016\/02\/byslawekNG-785x593.jpg\" alt=\"byslawekng\" width=\"785\" height=\"593\" srcset=\"https:\/\/danielfrymark.com\/wp-content\/uploads\/2016\/02\/byslawekNG-785x593.jpg 785w, https:\/\/danielfrymark.com\/wp-content\/uploads\/2016\/02\/byslawekNG-300x226.jpg 300w, https:\/\/danielfrymark.com\/wp-content\/uploads\/2016\/02\/byslawekNG-768x580.jpg 768w, https:\/\/danielfrymark.com\/wp-content\/uploads\/2016\/02\/byslawekNG.jpg 2019w\" sizes=\"(max-width: 785px) 100vw, 785px\" \/><br \/>\n<\/a><\/p>\n<p style=\"text-align: center;\"><img decoding=\"async\" loading=\"lazy\" class=\"aligncenter size-large wp-image-403\" src=\"http:\/\/danielfrymark.com\/wp-content\/uploads\/2016\/02\/13340206_1013747738690960_2805800683019216071_o-785x523.jpg\" alt=\"13340206_1013747738690960_2805800683019216071_o\" width=\"785\" height=\"523\" \/><\/p>\n<p style=\"text-align: center;\"><a href=\"http:\/\/www.national-geographic.pl\/traveler\/wywiady\/ten-czlowiek-przebiegl-366-maratonow-w-366-dni\">www.national-geographic.pl<\/a><\/p>\n<p style=\"text-align: center;\"><img decoding=\"async\" loading=\"lazy\" class=\"aligncenter size-large wp-image-401\" src=\"http:\/\/danielfrymark.com\/wp-content\/uploads\/2016\/02\/frymark_onet1-785x574.jpg\" alt=\"frymark_onet1\" width=\"785\" height=\"574\" srcset=\"https:\/\/danielfrymark.com\/wp-content\/uploads\/2016\/02\/frymark_onet1-785x574.jpg 785w, https:\/\/danielfrymark.com\/wp-content\/uploads\/2016\/02\/frymark_onet1-300x219.jpg 300w, https:\/\/danielfrymark.com\/wp-content\/uploads\/2016\/02\/frymark_onet1-768x561.jpg 768w, https:\/\/danielfrymark.com\/wp-content\/uploads\/2016\/02\/frymark_onet1.jpg 1029w\" sizes=\"(max-width: 785px) 100vw, 785px\" \/><a href=\"http:\/\/wiadomosci.onet.pl\/kujawsko-pomorskie\/jak-byslawek-cieszyl-sie-z-wygranej-nad-szwajcaria\/7e4e9f\" target=\"_blank\" rel=\"noopener\">www.onet.pl<\/a><\/p>\n<p><iframe loading=\"lazy\" src=\"https:\/\/player.vimeo.com\/video\/15419842\" width=\"500\" height=\"281\" frameborder=\"0\" allowfullscreen=\"allowfullscreen\"><\/iframe><\/p>\n<p><a href=\"https:\/\/vimeo.com\/15419842\">Gra\u0107 jak tata<\/a> from <a href=\"https:\/\/vimeo.com\/user4852288\">weekendfm<\/a> on <a href=\"https:\/\/vimeo.com\">Vimeo<\/a>.<\/p>\n<p><img decoding=\"async\" loading=\"lazy\" class=\"aligncenter size-large wp-image-308\" src=\"http:\/\/danielfrymark.com\/wp-content\/uploads\/2016\/02\/stern-785x882.jpg\" alt=\"stern\" width=\"785\" height=\"882\" srcset=\"https:\/\/danielfrymark.com\/wp-content\/uploads\/2016\/02\/stern-785x882.jpg 785w, https:\/\/danielfrymark.com\/wp-content\/uploads\/2016\/02\/stern-267x300.jpg 267w, https:\/\/danielfrymark.com\/wp-content\/uploads\/2016\/02\/stern-768x863.jpg 768w, https:\/\/danielfrymark.com\/wp-content\/uploads\/2016\/02\/stern.jpg 961w\" sizes=\"(max-width: 785px) 100vw, 785px\" \/><\/p>\n<p>Albumu Polska i Polacy<br \/>\n<img decoding=\"async\" loading=\"lazy\" class=\"aligncenter size-large wp-image-311\" src=\"http:\/\/danielfrymark.com\/wp-content\/uploads\/2016\/02\/12193549_898923723506696_1903268211878227397_n-785x843.jpg\" alt=\"12193549_898923723506696_1903268211878227397_n\" width=\"785\" height=\"843\" srcset=\"https:\/\/danielfrymark.com\/wp-content\/uploads\/2016\/02\/12193549_898923723506696_1903268211878227397_n-785x843.jpg 785w, https:\/\/danielfrymark.com\/wp-content\/uploads\/2016\/02\/12193549_898923723506696_1903268211878227397_n-279x300.jpg 279w, https:\/\/danielfrymark.com\/wp-content\/uploads\/2016\/02\/12193549_898923723506696_1903268211878227397_n-768x825.jpg 768w, https:\/\/danielfrymark.com\/wp-content\/uploads\/2016\/02\/12193549_898923723506696_1903268211878227397_n.jpg 894w\" sizes=\"(max-width: 785px) 100vw, 785px\" \/><\/p>\n<p>&nbsp;<\/p>\n<p>Gazeta Wyborcza Du\u017cy Format<br \/>\n<img decoding=\"async\" loading=\"lazy\" class=\"aligncenter size-large wp-image-323\" src=\"http:\/\/danielfrymark.com\/wp-content\/uploads\/2016\/02\/12006485_1232801153412336_3381864442882812366_o-785x537.jpg\" alt=\"12006485_1232801153412336_3381864442882812366_o\" width=\"785\" height=\"537\" srcset=\"https:\/\/danielfrymark.com\/wp-content\/uploads\/2016\/02\/12006485_1232801153412336_3381864442882812366_o-785x537.jpg 785w, https:\/\/danielfrymark.com\/wp-content\/uploads\/2016\/02\/12006485_1232801153412336_3381864442882812366_o-300x205.jpg 300w, https:\/\/danielfrymark.com\/wp-content\/uploads\/2016\/02\/12006485_1232801153412336_3381864442882812366_o-768x525.jpg 768w, https:\/\/danielfrymark.com\/wp-content\/uploads\/2016\/02\/12006485_1232801153412336_3381864442882812366_o.jpg 1100w\" sizes=\"(max-width: 785px) 100vw, 785px\" \/><\/p>\n<p>&nbsp;<\/p>\n<p>Gazeta Wyborcza Du\u017cy Format<br \/>\n<img decoding=\"async\" loading=\"lazy\" class=\"aligncenter size-large wp-image-324\" src=\"http:\/\/danielfrymark.com\/wp-content\/uploads\/2016\/02\/12314343_1284837748208676_4845392743908144880_o-785x522.jpg\" alt=\"12314343_1284837748208676_4845392743908144880_o\" width=\"785\" height=\"522\" srcset=\"https:\/\/danielfrymark.com\/wp-content\/uploads\/2016\/02\/12314343_1284837748208676_4845392743908144880_o-785x522.jpg 785w, https:\/\/danielfrymark.com\/wp-content\/uploads\/2016\/02\/12314343_1284837748208676_4845392743908144880_o-300x199.jpg 300w, https:\/\/danielfrymark.com\/wp-content\/uploads\/2016\/02\/12314343_1284837748208676_4845392743908144880_o-768x510.jpg 768w, https:\/\/danielfrymark.com\/wp-content\/uploads\/2016\/02\/12314343_1284837748208676_4845392743908144880_o.jpg 990w\" sizes=\"(max-width: 785px) 100vw, 785px\" \/><\/p>\n<p>&nbsp;<\/p>\n<p>Album Grand Press Photo<br \/>\n<img decoding=\"async\" loading=\"lazy\" class=\"aligncenter size-large wp-image-319\" src=\"http:\/\/danielfrymark.com\/wp-content\/uploads\/2016\/02\/12109749_1249370451755406_273542058690827019_o-785x776.jpg\" alt=\"12109749_1249370451755406_273542058690827019_o\" width=\"785\" height=\"776\" srcset=\"https:\/\/danielfrymark.com\/wp-content\/uploads\/2016\/02\/12109749_1249370451755406_273542058690827019_o-785x776.jpg 785w, https:\/\/danielfrymark.com\/wp-content\/uploads\/2016\/02\/12109749_1249370451755406_273542058690827019_o-300x297.jpg 300w, https:\/\/danielfrymark.com\/wp-content\/uploads\/2016\/02\/12109749_1249370451755406_273542058690827019_o-768x759.jpg 768w, https:\/\/danielfrymark.com\/wp-content\/uploads\/2016\/02\/12109749_1249370451755406_273542058690827019_o.jpg 990w\" sizes=\"(max-width: 785px) 100vw, 785px\" \/><\/p>\n<p>&nbsp;<\/p>\n<p>Gazeta Wyborcza Du\u017cy Format &#8211; Si\u0142ka<img decoding=\"async\" loading=\"lazy\" class=\"aligncenter size-large wp-image-320\" src=\"http:\/\/danielfrymark.com\/wp-content\/uploads\/2016\/02\/1383117_737052482987208_567950587_n-785x513.jpg\" alt=\"1383117_737052482987208_567950587_n\" width=\"785\" height=\"513\" srcset=\"https:\/\/danielfrymark.com\/wp-content\/uploads\/2016\/02\/1383117_737052482987208_567950587_n-785x513.jpg 785w, https:\/\/danielfrymark.com\/wp-content\/uploads\/2016\/02\/1383117_737052482987208_567950587_n-300x196.jpg 300w, https:\/\/danielfrymark.com\/wp-content\/uploads\/2016\/02\/1383117_737052482987208_567950587_n-768x502.jpg 768w, https:\/\/danielfrymark.com\/wp-content\/uploads\/2016\/02\/1383117_737052482987208_567950587_n.jpg 900w\" sizes=\"(max-width: 785px) 100vw, 785px\" \/><\/p>\n<p>&nbsp;<\/p>\n<p>Gazeta Pomorska 2009<img decoding=\"async\" loading=\"lazy\" class=\"aligncenter size-large wp-image-316\" src=\"http:\/\/danielfrymark.com\/wp-content\/uploads\/2016\/02\/pomorska_01-677x1024.jpg\" alt=\"pomorska_01\" width=\"677\" height=\"1024\" srcset=\"https:\/\/danielfrymark.com\/wp-content\/uploads\/2016\/02\/pomorska_01-677x1024.jpg 677w, https:\/\/danielfrymark.com\/wp-content\/uploads\/2016\/02\/pomorska_01-198x300.jpg 198w, https:\/\/danielfrymark.com\/wp-content\/uploads\/2016\/02\/pomorska_01.jpg 740w\" sizes=\"(max-width: 677px) 100vw, 677px\" \/><\/p>\n<p>&nbsp;<\/p>\n<p>Gazeta Pomorska 2009<img decoding=\"async\" loading=\"lazy\" class=\"aligncenter size-large wp-image-317\" src=\"http:\/\/danielfrymark.com\/wp-content\/uploads\/2016\/02\/pomorska_02-675x1024.jpg\" alt=\"pomorska_02\" width=\"675\" height=\"1024\" srcset=\"https:\/\/danielfrymark.com\/wp-content\/uploads\/2016\/02\/pomorska_02-675x1024.jpg 675w, https:\/\/danielfrymark.com\/wp-content\/uploads\/2016\/02\/pomorska_02-198x300.jpg 198w, https:\/\/danielfrymark.com\/wp-content\/uploads\/2016\/02\/pomorska_02.jpg 741w\" sizes=\"(max-width: 675px) 100vw, 675px\" \/><\/p>\n","protected":false},"excerpt":{"rendered":"<p>&nbsp; wyborcza.pl www.national-geographic.pl www.onet.pl Gra\u0107 jak tata from weekendfm on Vimeo. Albumu Polska i Polacy &nbsp; Gazeta Wyborcza Du\u017cy Format &nbsp; Gazeta Wyborcza Du\u017cy Format &nbsp; Album Grand Press Photo &nbsp; Gazeta Wyborcza Du\u017cy Format &#8211; Si\u0142ka &nbsp; Gazeta Pomorska 2009 &nbsp; Gazeta Pomorska 2009<\/p>\n","protected":false},"author":1,"featured_media":0,"parent":0,"menu_order":0,"comment_status":"closed","ping_status":"closed","template":"","meta":[],"_links":{"self":[{"href":"https:\/\/danielfrymark.com\/index.php\/wp-json\/wp\/v2\/pages\/303"}],"collection":[{"href":"https:\/\/danielfrymark.com\/index.php\/wp-json\/wp\/v2\/pages"}],"about":[{"href":"https:\/\/danielfrymark.com\/index.php\/wp-json\/wp\/v2\/types\/page"}],"author":[{"embeddable":true,"href":"https:\/\/danielfrymark.com\/index.php\/wp-json\/wp\/v2\/users\/1"}],"replies":[{"embeddable":true,"href":"https:\/\/danielfrymark.com\/index.php\/wp-json\/wp\/v2\/comments?post=303"}],"version-history":[{"count":19,"href":"https:\/\/danielfrymark.com\/index.php\/wp-json\/wp\/v2\/pages\/303\/revisions"}],"predecessor-version":[{"id":952,"href":"https:\/\/danielfrymark.com\/index.php\/wp-json\/wp\/v2\/pages\/303\/revisions\/952"}],"wp:attachment":[{"href":"https:\/\/danielfrymark.com\/index.php\/wp-json\/wp\/v2\/media?parent=303"}],"curies":[{"name":"wp","href":"https:\/\/api.w.org\/{rel}","templated":true}]}}